{"id":54,"date":"2024-10-30T17:04:37","date_gmt":"2024-10-30T17:04:37","guid":{"rendered":"https:\/\/clinicasdelazucar.com\/us\/es\/?page_id=54"},"modified":"2025-02-11T16:21:27","modified_gmt":"2025-02-11T16:21:27","slug":"inicio","status":"publish","type":"page","link":"https:\/\/clinicasdelazucar.com\/us\/es\/","title":{"rendered":"PantallaDeInicio"},"content":{"rendered":"\t\t<div data-elementor-type=\"wp-page\" data-elementor-id=\"54\" class=\"elementor elementor-54\">\n\t\t\t\t<div class=\"elementor-element elementor-element-8aa5606 elementor-hidden-mobile e-flex e-con-boxed e-con e-parent\" data-id=\"8aa5606\" data-element_type=\"container\" data-settings=\"{&quot;background_background&quot;:&quot;classic&quot;}\">\n\t\t\t\t\t<div class=\"e-con-inner\">\n\t\t\t\t\t<\/div>\n\t\t\t\t<\/div>\n\t\t<div class=\"elementor-element elementor-element-453fd74 elementor-hidden-desktop elementor-hidden-tablet e-flex e-con-boxed e-con e-parent\" data-id=\"453fd74\" data-element_type=\"container\">\n\t\t\t\t\t<div class=\"e-con-inner\">\n\t\t\t\t\t<\/div>\n\t\t\t\t<\/div>\n\t\t<div class=\"elementor-element elementor-element-8ef62dd elementor-hidden-desktop elementor-hidden-tablet e-flex e-con-boxed e-con e-parent\" data-id=\"8ef62dd\" data-element_type=\"container\">\n\t\t\t\t\t<div class=\"e-con-inner\">\n\t\t\t\t\t<\/div>\n\t\t\t\t<\/div>\n\t\t<div class=\"elementor-element elementor-element-9338386 e-flex e-con-boxed e-con e-parent\" data-id=\"9338386\" data-element_type=\"container\" id=\"ubicacion\">\n\t\t\t\t\t<div class=\"e-con-inner\">\n\t\t\t\t\t<\/div>\n\t\t\t\t<\/div>\n\t\t<div class=\"elementor-element elementor-element-51be076 e-flex e-con-boxed e-con e-parent\" data-id=\"51be076\" data-element_type=\"container\" data-settings=\"{&quot;background_background&quot;:&quot;classic&quot;}\">\n\t\t\t\t\t<div class=\"e-con-inner\">\n\t\t<div class=\"elementor-element elementor-element-d6395a4 e-flex e-con-boxed e-con e-child\" data-id=\"d6395a4\" data-element_type=\"container\" data-settings=\"{&quot;background_background&quot;:&quot;classic&quot;}\">\n\t\t\t\t\t<div class=\"e-con-inner\">\n\t\t<div class=\"elementor-element elementor-element-9286e1c e-con-full e-flex e-con e-child\" data-id=\"9286e1c\" data-element_type=\"container\">\n\t\t\t\t<div class=\"elementor-element elementor-element-b81c9ff elementor-widget elementor-widget-heading\" data-id=\"b81c9ff\" data-element_type=\"widget\" data-widget_type=\"heading.default\">\n\t\t\t\t<div class=\"elementor-widget-container\">\n\t\t\t<h2 class=\"elementor-heading-title elementor-size-default\">VENTAJAS DE TU ATENCI\u00d3N EN CL\u00cdNICAS DEL AZ\u00daCAR<\/h2>\t\t<\/div>\n\t\t\t\t<\/div>\n\t\t\t\t<\/div>\n\t\t<div class=\"elementor-element elementor-element-b019bd3 e-con-full e-flex e-con e-child\" data-id=\"b019bd3\" data-element_type=\"container\">\n\t\t\t\t<div class=\"elementor-element elementor-element-c5f3799 elementor-widget__width-initial elementor-widget elementor-widget-image\" data-id=\"c5f3799\" data-element_type=\"widget\" data-widget_type=\"image.default\">\n\t\t\t\t<div class=\"elementor-widget-container\">\n\t\t\t\t\t\t\t\t\t\t\t\t\t<img decoding=\"async\" width=\"150\" height=\"150\" src=\"https:\/\/clinicasdelazucar.com\/us\/es\/wp-content\/uploads\/2024\/10\/image-3.png\" class=\"attachment-thumbnail size-thumbnail wp-image-83\" alt=\"\" \/>\t\t\t\t\t\t\t\t\t\t\t\t\t<\/div>\n\t\t\t\t<\/div>\n\t\t\t\t<div class=\"elementor-element elementor-element-0fd5c2f elementor-widget__width-initial elementor-widget elementor-widget-heading\" data-id=\"0fd5c2f\" data-element_type=\"widget\" data-widget_type=\"heading.default\">\n\t\t\t\t<div class=\"elementor-widget-container\">\n\t\t\t<h4 class=\"elementor-heading-title elementor-size-default\">RESULTADOS\nCOMPROBABLES<\/h4>\t\t<\/div>\n\t\t\t\t<\/div>\n\t\t\t\t<div class=\"elementor-element elementor-element-c8231a0 elementor-widget elementor-widget-text-editor\" data-id=\"c8231a0\" data-element_type=\"widget\" data-widget_type=\"text-editor.default\">\n\t\t\t\t<div class=\"elementor-widget-container\">\n\t\t\t\t\t\t\t<p><span style=\"font-weight: 400;\">M\u00e1s del 85% de <\/span><span style=\"font-weight: 400;\">nuestros pacientes <\/span><span style=\"font-weight: 400;\">reducen su <\/span><span style=\"font-weight: 400;\">A1c <\/span><span style=\"font-weight: 400;\">desde <\/span><span style=\"font-weight: 400;\">los primeros 3 meses<\/span><\/p>\t\t\t\t\t\t<\/div>\n\t\t\t\t<\/div>\n\t\t\t\t<\/div>\n\t\t<div class=\"elementor-element elementor-element-adf9eed e-con-full e-flex e-con e-child\" data-id=\"adf9eed\" data-element_type=\"container\">\n\t\t\t\t<div class=\"elementor-element elementor-element-898befd elementor-widget__width-initial elementor-widget elementor-widget-image\" data-id=\"898befd\" data-element_type=\"widget\" data-widget_type=\"image.default\">\n\t\t\t\t<div class=\"elementor-widget-container\">\n\t\t\t\t\t\t\t\t\t\t\t\t\t<img decoding=\"async\" width=\"150\" height=\"150\" src=\"https:\/\/clinicasdelazucar.com\/us\/es\/wp-content\/uploads\/2024\/10\/image-1.png\" class=\"attachment-thumbnail size-thumbnail wp-image-81\" alt=\"\" \/>\t\t\t\t\t\t\t\t\t\t\t\t\t<\/div>\n\t\t\t\t<\/div>\n\t\t\t\t<div class=\"elementor-element elementor-element-b928d73 elementor-widget elementor-widget-heading\" data-id=\"b928d73\" data-element_type=\"widget\" data-widget_type=\"heading.default\">\n\t\t\t\t<div class=\"elementor-widget-container\">\n\t\t\t<h4 class=\"elementor-heading-title elementor-size-default\">TRATAMIENTO\nINTEGRAL<\/h4>\t\t<\/div>\n\t\t\t\t<\/div>\n\t\t\t\t<div class=\"elementor-element elementor-element-45beb0e elementor-widget elementor-widget-text-editor\" data-id=\"45beb0e\" data-element_type=\"widget\" data-widget_type=\"text-editor.default\">\n\t\t\t\t<div class=\"elementor-widget-container\">\n\t\t\t\t\t\t\t<p>Membres\u00edas con<br \/>todo lo que<br \/>necesitas, para tu<br \/>control anual.<\/p>\t\t\t\t\t\t<\/div>\n\t\t\t\t<\/div>\n\t\t\t\t<\/div>\n\t\t<div class=\"elementor-element elementor-element-47b1397 e-con-full e-flex e-con e-child\" data-id=\"47b1397\" data-element_type=\"container\">\n\t\t\t\t<div class=\"elementor-element elementor-element-de423db elementor-widget__width-initial elementor-widget elementor-widget-image\" data-id=\"de423db\" data-element_type=\"widget\" data-widget_type=\"image.default\">\n\t\t\t\t<div class=\"elementor-widget-container\">\n\t\t\t\t\t\t\t\t\t\t\t\t\t<img decoding=\"async\" width=\"150\" height=\"150\" src=\"https:\/\/clinicasdelazucar.com\/us\/es\/wp-content\/uploads\/2024\/10\/image-4.png\" class=\"attachment-thumbnail size-thumbnail wp-image-85\" alt=\"\" \/>\t\t\t\t\t\t\t\t\t\t\t\t\t<\/div>\n\t\t\t\t<\/div>\n\t\t\t\t<div class=\"elementor-element elementor-element-b90c5a4 elementor-widget elementor-widget-heading\" data-id=\"b90c5a4\" data-element_type=\"widget\" data-widget_type=\"heading.default\">\n\t\t\t\t<div class=\"elementor-widget-container\">\n\t\t\t<h4 class=\"elementor-heading-title elementor-size-default\">EXPERTOS EN\nDIABETES A TU\nALCANCE<\/h4>\t\t<\/div>\n\t\t\t\t<\/div>\n\t\t\t\t<div class=\"elementor-element elementor-element-4337644 elementor-widget elementor-widget-text-editor\" data-id=\"4337644\" data-element_type=\"widget\" data-widget_type=\"text-editor.default\">\n\t\t\t\t<div class=\"elementor-widget-container\">\n\t\t\t\t\t\t\t<p>Ahorra m\u00e1s del<br \/>60% en tus costos de atenci\u00f3n.<\/p>\t\t\t\t\t\t<\/div>\n\t\t\t\t<\/div>\n\t\t\t\t<\/div>\n\t\t<div class=\"elementor-element elementor-element-8c774ce e-con-full e-flex e-con e-child\" data-id=\"8c774ce\" data-element_type=\"container\">\n\t\t\t\t<div class=\"elementor-element elementor-element-ddcbca2 elementor-widget__width-initial elementor-widget elementor-widget-image\" data-id=\"ddcbca2\" data-element_type=\"widget\" data-widget_type=\"image.default\">\n\t\t\t\t<div class=\"elementor-widget-container\">\n\t\t\t\t\t\t\t\t\t\t\t\t\t<img loading=\"lazy\" decoding=\"async\" width=\"150\" height=\"150\" src=\"https:\/\/clinicasdelazucar.com\/us\/es\/wp-content\/uploads\/2024\/10\/image-2.png\" class=\"attachment-thumbnail size-thumbnail wp-image-82\" alt=\"\" \/>\t\t\t\t\t\t\t\t\t\t\t\t\t<\/div>\n\t\t\t\t<\/div>\n\t\t\t\t<div class=\"elementor-element elementor-element-fa5b47e elementor-widget__width-initial elementor-widget elementor-widget-heading\" data-id=\"fa5b47e\" data-element_type=\"widget\" data-widget_type=\"heading.default\">\n\t\t\t\t<div class=\"elementor-widget-container\">\n\t\t\t<h4 class=\"elementor-heading-title elementor-size-default\">TODO EN UN\nSOLO LUGAR<\/h4>\t\t<\/div>\n\t\t\t\t<\/div>\n\t\t\t\t<div class=\"elementor-element elementor-element-b2a34d2 elementor-widget elementor-widget-text-editor\" data-id=\"b2a34d2\" data-element_type=\"widget\" data-widget_type=\"text-editor.default\">\n\t\t\t\t<div class=\"elementor-widget-container\">\n\t\t\t\t\t\t\t<p><span style=\"font-family: var( --e-global-typography-text-font-family ), Sans-serif; font-weight: var( --e-global-typography-text-font-weight ); font-size: var(--wp--preset--font-size--medium);\">Ahorra tiempo y\u00a0<\/span>dinero, realizando<br \/>hasta 7 consultas en<br \/>una sola visita.<\/p>\t\t\t\t\t\t<\/div>\n\t\t\t\t<\/div>\n\t\t\t\t<\/div>\n\t\t\t\t\t<\/div>\n\t\t\t\t<\/div>\n\t\t\t\t\t<\/div>\n\t\t\t\t<\/div>\n\t\t<div class=\"elementor-element elementor-element-d8dbec5 e-flex e-con-boxed e-con e-parent\" data-id=\"d8dbec5\" data-element_type=\"container\">\n\t\t\t\t\t<div class=\"e-con-inner\">\n\t\t\t\t\t<\/div>\n\t\t\t\t<\/div>\n\t\t<div class=\"elementor-element elementor-element-fdfb26d elementor-hidden-tablet elementor-hidden-mobile e-flex e-con-boxed e-con e-parent\" data-id=\"fdfb26d\" data-element_type=\"container\">\n\t\t\t\t\t<div class=\"e-con-inner\">\n\t\t\t\t\t<\/div>\n\t\t\t\t<\/div>\n\t\t<div class=\"elementor-element elementor-element-2e228be e-flex e-con-boxed e-con e-parent\" data-id=\"2e228be\" data-element_type=\"container\">\n\t\t\t\t\t<div class=\"e-con-inner\">\n\t\t\t\t\t<\/div>\n\t\t\t\t<\/div>\n\t\t<div class=\"elementor-element elementor-element-a4e06a6 elementor-hidden-mobile e-flex e-con-boxed e-con e-parent\" data-id=\"a4e06a6\" data-element_type=\"container\" data-settings=\"{&quot;background_background&quot;:&quot;classic&quot;}\">\n\t\t\t\t\t<div class=\"e-con-inner\">\n\t\t\t\t<div class=\"elementor-element elementor-element-d344235 elementor-widget elementor-widget-heading\" data-id=\"d344235\" data-element_type=\"widget\" data-widget_type=\"heading.default\">\n\t\t\t\t<div class=\"elementor-widget-container\">\n\t\t\t<h1 class=\"elementor-heading-title elementor-size-default\">\u00bfQUI\u00c9NES SOMOS?<\/h1>\t\t<\/div>\n\t\t\t\t<\/div>\n\t\t\t\t\t<\/div>\n\t\t\t\t<\/div>\n\t\t<div class=\"elementor-element elementor-element-50b0e41 elementor-hidden-mobile e-flex e-con-boxed e-con e-parent\" data-id=\"50b0e41\" data-element_type=\"container\" data-settings=\"{&quot;background_background&quot;:&quot;classic&quot;}\">\n\t\t\t\t\t<div class=\"e-con-inner\">\n\t\t<div class=\"elementor-element elementor-element-15d577e e-con-full e-flex e-con e-child\" data-id=\"15d577e\" data-element_type=\"container\">\n\t\t\t\t<div class=\"elementor-element elementor-element-29c070a elementor-widget elementor-widget-image\" data-id=\"29c070a\" data-element_type=\"widget\" data-widget_type=\"image.default\">\n\t\t\t\t<div class=\"elementor-widget-container\">\n\t\t\t\t\t\t\t\t\t\t\t\t\t<img loading=\"lazy\" decoding=\"async\" width=\"267\" height=\"300\" src=\"https:\/\/clinicasdelazucar.com\/us\/es\/wp-content\/uploads\/2024\/11\/doctor-02-2.png\" class=\"attachment-medium size-medium wp-image-272\" alt=\"\" \/>\t\t\t\t\t\t\t\t\t\t\t\t\t<\/div>\n\t\t\t\t<\/div>\n\t\t\t\t<\/div>\n\t\t<div class=\"elementor-element elementor-element-772f326 e-con-full e-flex e-con e-child\" data-id=\"772f326\" data-element_type=\"container\">\n\t\t<div class=\"elementor-element elementor-element-c410914 e-con-full e-flex e-con e-child\" data-id=\"c410914\" data-element_type=\"container\">\n\t\t\t\t<div class=\"elementor-element elementor-element-af470ee elementor-widget elementor-widget-heading\" data-id=\"af470ee\" data-element_type=\"widget\" data-widget_type=\"heading.default\">\n\t\t\t\t<div class=\"elementor-widget-container\">\n\t\t\t<h2 class=\"elementor-heading-title elementor-size-default\"><span style=\"color: #F6931A\">Cl\u00ednicas del Az\u00facar<\/span> es la red de cl\u00ednicas especializadas en diabetes e hipertensi\u00f3n m\u00e1s grande de Am\u00e9rica Latina.<BR>\n<BR>\nCon atenci\u00f3n m\u00e9dica, nutrici\u00f3n y laboratorio.<\/BR><\/h2>\t\t<\/div>\n\t\t\t\t<\/div>\n\t\t\t\t<\/div>\n\t\t<div class=\"elementor-element elementor-element-7ea5610 e-con-full e-flex e-con e-child\" data-id=\"7ea5610\" data-element_type=\"container\">\n\t\t\t\t<div class=\"elementor-element elementor-element-4adbca3 elementor-widget elementor-widget-heading\" data-id=\"4adbca3\" data-element_type=\"widget\" data-widget_type=\"heading.default\">\n\t\t\t\t<div class=\"elementor-widget-container\">\n\t\t\t<h1 class=\"elementor-heading-title elementor-size-default\">13 a\u00f1os transformando vidas. \n\n<\/h1>\t\t<\/div>\n\t\t\t\t<\/div>\n\t\t\t\t<\/div>\n\t\t\t\t<\/div>\n\t\t\t\t\t<\/div>\n\t\t\t\t<\/div>\n\t\t<div class=\"elementor-element elementor-element-8ebd2d2 e-flex e-con-boxed e-con e-parent\" data-id=\"8ebd2d2\" data-element_type=\"container\" id=\"exito\">\n\t\t\t\t\t<div class=\"e-con-inner\">\n\t\t\t\t<div class=\"elementor-element elementor-element-e0b0c44 elementor-widget elementor-widget-heading\" data-id=\"e0b0c44\" data-element_type=\"widget\" data-widget_type=\"heading.default\">\n\t\t\t\t<div class=\"elementor-widget-container\">\n\t\t\t<h1 class=\"elementor-heading-title elementor-size-default\">HISTORIAS DE \u00c9XITO<\/h1>\t\t<\/div>\n\t\t\t\t<\/div>\n\t\t\t\t<div class=\"elementor-element elementor-element-4b979b1 elementor-arrows-position-inside elementor-pagination-position-outside elementor-widget elementor-widget-image-carousel\" data-id=\"4b979b1\" data-element_type=\"widget\" id=\"exito\" data-settings=\"{&quot;slides_to_show&quot;:&quot;3&quot;,&quot;navigation&quot;:&quot;both&quot;,&quot;autoplay&quot;:&quot;yes&quot;,&quot;pause_on_hover&quot;:&quot;yes&quot;,&quot;pause_on_interaction&quot;:&quot;yes&quot;,&quot;autoplay_speed&quot;:5000,&quot;infinite&quot;:&quot;yes&quot;,&quot;speed&quot;:500}\" data-widget_type=\"image-carousel.default\">\n\t\t\t\t<div class=\"elementor-widget-container\">\n\t\t\t\t\t<div class=\"elementor-image-carousel-wrapper swiper\" dir=\"ltr\">\n\t\t\t<div class=\"elementor-image-carousel swiper-wrapper\" aria-live=\"off\">\n\t\t\t\t\t\t\t\t<div class=\"swiper-slide\" role=\"group\" aria-roledescription=\"slide\" aria-label=\"1 de 3\"><a data-elementor-open-lightbox=\"yes\" data-elementor-lightbox-slideshow=\"4b979b1\" data-elementor-lightbox-title=\"https:\/\/www.youtube.com\/watch?v=TZq7dEmK2KI\" data-elementor-lightbox-description=\"https:\/\/www.youtube.com\/watch?v=TZq7dEmK2KI\" data-e-action-hash=\"#elementor-action%3Aaction%3Dlightbox%26settings%3DeyJpZCI6MTI1LCJ1cmwiOiJodHRwczpcL1wvY2xpbmljYXNkZWxhenVjYXIuY29tXC91c1wvZXNcL3dwLWNvbnRlbnRcL3VwbG9hZHNcLzIwMjRcLzEwXC9VTk8ucG5nIiwic2xpZGVzaG93IjoiNGI5NzliMSJ9\" href=\"https:\/\/www.youtube.com\/watch?v=0D2ElIaTy4I\"><figure class=\"swiper-slide-inner\"><img decoding=\"async\" class=\"swiper-slide-image\" src=\"https:\/\/clinicasdelazucar.com\/us\/es\/wp-content\/uploads\/2024\/10\/UNO.png\" alt=\"https:\/\/www.youtube.com\/watch?v=TZq7dEmK2KI\" \/><\/figure><\/a><\/div><div class=\"swiper-slide\" role=\"group\" aria-roledescription=\"slide\" aria-label=\"2 de 3\"><a data-elementor-open-lightbox=\"yes\" data-elementor-lightbox-slideshow=\"4b979b1\" data-elementor-lightbox-title=\"4\" data-e-action-hash=\"#elementor-action%3Aaction%3Dlightbox%26settings%3DeyJpZCI6MTI2LCJ1cmwiOiJodHRwczpcL1wvY2xpbmljYXNkZWxhenVjYXIuY29tXC91c1wvZXNcL3dwLWNvbnRlbnRcL3VwbG9hZHNcLzIwMjRcLzEwXC80LnBuZyIsInNsaWRlc2hvdyI6IjRiOTc5YjEifQ%3D%3D\" href=\"https:\/\/www.youtube.com\/watch?v=0D2ElIaTy4I\"><figure class=\"swiper-slide-inner\"><img decoding=\"async\" class=\"swiper-slide-image\" src=\"https:\/\/clinicasdelazucar.com\/us\/es\/wp-content\/uploads\/2024\/10\/4.png\" alt=\"4\" \/><\/figure><\/a><\/div><div class=\"swiper-slide\" role=\"group\" aria-roledescription=\"slide\" aria-label=\"3 de 3\"><a data-elementor-open-lightbox=\"yes\" data-elementor-lightbox-slideshow=\"4b979b1\" data-elementor-lightbox-title=\"3\" data-e-action-hash=\"#elementor-action%3Aaction%3Dlightbox%26settings%3DeyJpZCI6NDY2LCJ1cmwiOiJodHRwczpcL1wvY2xpbmljYXNkZWxhenVjYXIuY29tXC91c1wvZXNcL3dwLWNvbnRlbnRcL3VwbG9hZHNcLzIwMjRcLzExXC8zLnBuZyIsInNsaWRlc2hvdyI6IjRiOTc5YjEifQ%3D%3D\" href=\"https:\/\/www.youtube.com\/watch?v=0D2ElIaTy4I\"><figure class=\"swiper-slide-inner\"><img decoding=\"async\" class=\"swiper-slide-image\" src=\"https:\/\/clinicasdelazucar.com\/us\/es\/wp-content\/uploads\/2024\/11\/3.png\" alt=\"3\" \/><\/figure><\/a><\/div>\t\t\t<\/div>\n\t\t\t\t\t\t\t\t\t\t\t\t<div class=\"elementor-swiper-button elementor-swiper-button-prev\" role=\"button\" tabindex=\"0\">\n\t\t\t\t\t\t<svg aria-hidden=\"true\" class=\"e-font-icon-svg e-eicon-chevron-left\" viewBox=\"0 0 1000 1000\" xmlns=\"http:\/\/www.w3.org\/2000\/svg\"><path d=\"M646 125C629 125 613 133 604 142L308 442C296 454 292 471 292 487 292 504 296 521 308 533L604 854C617 867 629 875 646 875 663 875 679 871 692 858 704 846 713 829 713 812 713 796 708 779 692 767L438 487 692 225C700 217 708 204 708 187 708 171 704 154 692 142 675 129 663 125 646 125Z\"><\/path><\/svg>\t\t\t\t\t<\/div>\n\t\t\t\t\t<div class=\"elementor-swiper-button elementor-swiper-button-next\" role=\"button\" tabindex=\"0\">\n\t\t\t\t\t\t<svg aria-hidden=\"true\" class=\"e-font-icon-svg e-eicon-chevron-right\" viewBox=\"0 0 1000 1000\" xmlns=\"http:\/\/www.w3.org\/2000\/svg\"><path d=\"M696 533C708 521 713 504 713 487 713 471 708 454 696 446L400 146C388 133 375 125 354 125 338 125 325 129 313 142 300 154 292 171 292 187 292 204 296 221 308 233L563 492 304 771C292 783 288 800 288 817 288 833 296 850 308 863 321 871 338 875 354 875 371 875 388 867 400 854L696 533Z\"><\/path><\/svg>\t\t\t\t\t<\/div>\n\t\t\t\t\n\t\t\t\t\t\t\t\t\t<div class=\"swiper-pagination\"><\/div>\n\t\t\t\t\t\t\t\t\t<\/div>\n\t\t\t\t<\/div>\n\t\t\t\t<\/div>\n\t\t\t\t\t<\/div>\n\t\t\t\t<\/div>\n\t\t<div class=\"elementor-element elementor-element-c4f8b4f e-flex e-con-boxed e-con e-parent\" data-id=\"c4f8b4f\" data-element_type=\"container\" data-settings=\"{&quot;background_background&quot;:&quot;classic&quot;}\">\n\t\t\t\t\t<div class=\"e-con-inner\">\n\t\t\t\t<div class=\"elementor-element elementor-element-4b68016 elementor-widget-divider--view-line elementor-widget elementor-widget-divider\" data-id=\"4b68016\" data-element_type=\"widget\" data-widget_type=\"divider.default\">\n\t\t\t\t<div class=\"elementor-widget-container\">\n\t\t\t\t\t<div class=\"elementor-divider\">\n\t\t\t<span class=\"elementor-divider-separator\">\n\t\t\t\t\t\t<\/span>\n\t\t<\/div>\n\t\t\t\t<\/div>\n\t\t\t\t<\/div>\n\t\t\t\t\t<\/div>\n\t\t\t\t<\/div>\n\t\t<div class=\"elementor-element elementor-element-d7071a1 e-flex e-con-boxed e-con e-parent\" data-id=\"d7071a1\" data-element_type=\"container\">\n\t\t\t\t\t<div class=\"e-con-inner\">\n\t\t\t\t\t<\/div>\n\t\t\t\t<\/div>\n\t\t<div class=\"elementor-element elementor-element-64ee0fc e-flex e-con-boxed e-con e-parent\" data-id=\"64ee0fc\" data-element_type=\"container\">\n\t\t\t\t\t<div class=\"e-con-inner\">\n\t\t\t\t\t<\/div>\n\t\t\t\t<\/div>\n\t\t<div class=\"elementor-element elementor-element-4da94c6 e-flex e-con-boxed e-con e-parent\" data-id=\"4da94c6\" data-element_type=\"container\">\n\t\t\t\t\t<div class=\"e-con-inner\">\n\t\t\t\t\t<\/div>\n\t\t\t\t<\/div>\n\t\t\t\t<\/div>\n\t\t","protected":false},"excerpt":{"rendered":"<p>VENTAJAS DE TU ATENCI\u00d3N EN CL\u00cdNICAS DEL AZ\u00daCAR RESULTADOS COMPROBABLES M\u00e1s del 85% de nuestros pacientes reducen su A1c desde los primeros 3 meses TRATAMIENTO INTEGRAL Membres\u00edas contodo lo quenecesitas, para tucontrol anual. EXPERTOS EN DIABETES A TU ALCANCE Ahorra m\u00e1s del60% en tus costos de atenci\u00f3n. TODO EN UN SOLO LUGAR Ahorra tiempo y\u00a0dinero, [&hellip;]<\/p>\n","protected":false},"author":1,"featured_media":0,"parent":0,"menu_order":0,"comment_status":"closed","ping_status":"closed","template":"elementor_canvas","meta":{"footnotes":""},"class_list":["post-54","page","type-page","status-publish","hentry"],"aioseo_notices":[],"_links":{"self":[{"href":"https:\/\/clinicasdelazucar.com\/us\/es\/wp-json\/wp\/v2\/pages\/54","targetHints":{"allow":["GET"]}}],"collection":[{"href":"https:\/\/clinicasdelazucar.com\/us\/es\/wp-json\/wp\/v2\/pages"}],"about":[{"href":"https:\/\/clinicasdelazucar.com\/us\/es\/wp-json\/wp\/v2\/types\/page"}],"author":[{"embeddable":true,"href":"https:\/\/clinicasdelazucar.com\/us\/es\/wp-json\/wp\/v2\/users\/1"}],"replies":[{"embeddable":true,"href":"https:\/\/clinicasdelazucar.com\/us\/es\/wp-json\/wp\/v2\/comments?post=54"}],"version-history":[{"count":339,"href":"https:\/\/clinicasdelazucar.com\/us\/es\/wp-json\/wp\/v2\/pages\/54\/revisions"}],"predecessor-version":[{"id":941,"href":"https:\/\/clinicasdelazucar.com\/us\/es\/wp-json\/wp\/v2\/pages\/54\/revisions\/941"}],"wp:attachment":[{"href":"https:\/\/clinicasdelazucar.com\/us\/es\/wp-json\/wp\/v2\/media?parent=54"}],"curies":[{"name":"wp","href":"https:\/\/api.w.org\/{rel}","templated":true}]}}